{"id":2921,"date":"2023-12-10T17:37:22","date_gmt":"2023-12-10T22:37:22","guid":{"rendered":"http:\/\/ilanaw11.sg-host.com\/?page_id=2921"},"modified":"2025-04-23T16:31:37","modified_gmt":"2025-04-23T20:31:37","slug":"accueil-4","status":"publish","type":"page","link":"https:\/\/www.lesjardinsdorval.com\/fr\/","title":{"rendered":"Accueil"},"content":{"rendered":"\t\t<div data-elementor-type=\"wp-page\" data-elementor-id=\"2921\" class=\"elementor elementor-2921 elementor-2879\" data-elementor-post-type=\"page\">\n\t\t\t\t\t\t<section class=\"elementor-section elementor-top-section elementor-element elementor-element-b15ffc2 elementor-section-height-min-height elementor-section-boxed elementor-section-height-default elementor-section-items-middle\" data-id=\"b15ffc2\" data-element_type=\"section\" data-e-type=\"section\" data-settings=\"{&quot;background_background&quot;:&quot;classic&quot;}\">\n\t\t\t\t\t\t<div class=\"elementor-container elementor-column-gap-default\">\n\t\t\t\t\t<div class=\"elementor-column elementor-col-100 elementor-top-column elementor-element elementor-element-5629f06\" data-id=\"5629f06\" data-element_type=\"column\" data-e-type=\"column\" data-settings=\"{&quot;background_background&quot;:&quot;classic&quot;}\">\n\t\t\t<div class=\"elementor-widget-wrap elementor-element-populated\">\n\t\t\t\t\t\t<div class=\"elementor-element elementor-element-cdf9ba4 elementor-hidden-desktop elementor-hidden-tablet elementor-widget elementor-widget-image\" data-id=\"cdf9ba4\" data-element_type=\"widget\" data-e-type=\"widget\" data-widget_type=\"image.default\">\n\t\t\t\t<div class=\"elementor-widget-container\">\n\t\t\t\t\t\t\t\t\t\t\t\t\t\t\t<img fetchpriority=\"high\" decoding=\"async\" width=\"800\" height=\"625\" src=\"https:\/\/www.lesjardinsdorval.com\/wp-content\/uploads\/home_couple-shopping_mobile-1024x800.jpg\" class=\"attachment-large size-large wp-image-4792\" alt=\"\" srcset=\"https:\/\/www.lesjardinsdorval.com\/wp-content\/uploads\/home_couple-shopping_mobile-1024x800.jpg 1024w, https:\/\/www.lesjardinsdorval.com\/wp-content\/uploads\/home_couple-shopping_mobile-300x234.jpg 300w, https:\/\/www.lesjardinsdorval.com\/wp-content\/uploads\/home_couple-shopping_mobile-768x600.jpg 768w, https:\/\/www.lesjardinsdorval.com\/wp-content\/uploads\/home_couple-shopping_mobile-1536x1200.jpg 1536w, https:\/\/www.lesjardinsdorval.com\/wp-content\/uploads\/home_couple-shopping_mobile.jpg 2000w\" sizes=\"(max-width: 800px) 100vw, 800px\" loading=\"eager\" \/>\t\t\t\t\t\t\t\t\t\t\t\t\t\t\t<\/div>\n\t\t\t\t<\/div>\n\t\t\t\t<div class=\"elementor-element elementor-element-71c79c8 elementor-view-default elementor-widget elementor-widget-icon\" data-id=\"71c79c8\" data-element_type=\"widget\" data-e-type=\"widget\" data-widget_type=\"icon.default\">\n\t\t\t\t<div class=\"elementor-widget-container\">\n\t\t\t\t\t\t\t<div class=\"elementor-icon-wrapper\">\n\t\t\t<div class=\"elementor-icon\">\n\t\t\t<svg aria-hidden=\"true\" class=\"e-font-icon-svg e-far-clock\" viewBox=\"0 0 512 512\" xmlns=\"http:\/\/www.w3.org\/2000\/svg\"><path d=\"M256 8C119 8 8 119 8 256s111 248 248 248 248-111 248-248S393 8 256 8zm0 448c-110.5 0-200-89.5-200-200S145.5 56 256 56s200 89.5 200 200-89.5 200-200 200zm61.8-104.4l-84.9-61.7c-3.1-2.3-4.9-5.9-4.9-9.7V116c0-6.6 5.4-12 12-12h32c6.6 0 12 5.4 12 12v141.7l66.8 48.6c5.4 3.9 6.5 11.4 2.6 16.8L334.6 349c-3.9 5.3-11.4 6.5-16.8 2.6z\"><\/path><\/svg>\t\t\t<\/div>\n\t\t<\/div>\n\t\t\t\t\t\t<\/div>\n\t\t\t\t<\/div>\n\t\t\t\t<div class=\"elementor-element elementor-element-5dad754 elementor-widget elementor-widget-shortcode\" data-id=\"5dad754\" data-element_type=\"widget\" data-e-type=\"widget\" data-widget_type=\"shortcode.default\">\n\t\t\t\t<div class=\"elementor-widget-container\">\n\t\t\t\t\t\t\t<div class=\"elementor-shortcode\">\n<span class=\"mb-bhi-display mb-bhi-open\"><span class=\"mb-bhi-oc-text\"><div class='message'>Ouvert aujourd'hui<\/div> <div class='fromto'>10:00 - 18:00<\/div><\/span><\/span>\n\n<!-- [op-is-open set_id=\"mallhours\" open_text=\"Ouvert aujourd'hui\" closed_text=\"Nous sommes ferm\u00e9s\" show_next=\"true\" show_today=\"open\" next_format=\"Nous ouvrons %1$s \u00e0 %3$s\" today_format=\"%2$s - %3$s\" date_format=\"F jS\"] --><\/div>\n\t\t\t\t\t\t<\/div>\n\t\t\t\t<\/div>\n\t\t\t\t<div class=\"elementor-element elementor-element-649352d elementor-align-center elementor-widget elementor-widget-button\" data-id=\"649352d\" data-element_type=\"widget\" data-e-type=\"widget\" data-widget_type=\"button.default\">\n\t\t\t\t<div class=\"elementor-widget-container\">\n\t\t\t\t\t\t\t\t\t<div class=\"elementor-button-wrapper\">\n\t\t\t\t\t<a class=\"elementor-button elementor-button-link elementor-size-sm\" href=\"\/fr\/visite\/\">\n\t\t\t\t\t\t<span class=\"elementor-button-content-wrapper\">\n\t\t\t\t\t\t<span class=\"elementor-button-icon\">\n\t\t\t\t<svg aria-hidden=\"true\" class=\"e-font-icon-svg e-fas-angle-right\" viewBox=\"0 0 256 512\" xmlns=\"http:\/\/www.w3.org\/2000\/svg\"><path d=\"M224.3 273l-136 136c-9.4 9.4-24.6 9.4-33.9 0l-22.6-22.6c-9.4-9.4-9.4-24.6 0-33.9l96.4-96.4-96.4-96.4c-9.4-9.4-9.4-24.6 0-33.9L54.3 103c9.4-9.4 24.6-9.4 33.9 0l136 136c9.5 9.4 9.5 24.6.1 34z\"><\/path><\/svg>\t\t\t<\/span>\n\t\t\t\t\t\t\t\t\t<span class=\"elementor-button-text\">VISITEZ-NOUS<\/span>\n\t\t\t\t\t<\/span>\n\t\t\t\t\t<\/a>\n\t\t\t\t<\/div>\n\t\t\t\t\t\t\t\t<\/div>\n\t\t\t\t<\/div>\n\t\t\t\t\t<\/div>\n\t\t<\/div>\n\t\t\t\t\t<\/div>\n\t\t<\/section>\n\t\t\t\t<section class=\"elementor-section elementor-top-section elementor-element elementor-element-5ee3e1d elementor-section-boxed elementor-section-height-default elementor-section-height-default\" data-id=\"5ee3e1d\" data-element_type=\"section\" data-e-type=\"section\">\n\t\t\t\t\t\t<div class=\"elementor-container elementor-column-gap-default\">\n\t\t\t\t\t<div class=\"elementor-column elementor-col-100 elementor-top-column elementor-element elementor-element-a627662\" data-id=\"a627662\" data-element_type=\"column\" data-e-type=\"column\">\n\t\t\t<div class=\"elementor-widget-wrap elementor-element-populated\">\n\t\t\t\t\t\t<div class=\"elementor-element elementor-element-a46ce04 title-und elementor-widget elementor-widget-heading\" data-id=\"a46ce04\" data-element_type=\"widget\" data-e-type=\"widget\" data-widget_type=\"heading.default\">\n\t\t\t\t<div class=\"elementor-widget-container\">\n\t\t\t\t\t<div class=\"elementor-heading-title elementor-size-default\">\u00c9v\u00e9nements \u00e0 venir<\/div>\t\t\t\t<\/div>\n\t\t\t\t<\/div>\n\t\t\t\t\t<\/div>\n\t\t<\/div>\n\t\t\t\t\t<\/div>\n\t\t<\/section>\n\t\t\t\t<section class=\"elementor-section elementor-top-section elementor-element elementor-element-8e8b26b elementor-section-boxed elementor-section-height-default elementor-section-height-default\" data-id=\"8e8b26b\" data-element_type=\"section\" data-e-type=\"section\">\n\t\t\t\t\t\t<div class=\"elementor-container elementor-column-gap-default\">\n\t\t\t\t\t<div class=\"elementor-column elementor-col-100 elementor-top-column elementor-element elementor-element-7508399\" data-id=\"7508399\" data-element_type=\"column\" data-e-type=\"column\">\n\t\t\t<div class=\"elementor-widget-wrap elementor-element-populated\">\n\t\t\t\t\t\t<div class=\"elementor-element elementor-element-f4217e6 elementor-grid-1 elementor-grid-tablet-2 elementor-grid-mobile-1 elementor-widget elementor-widget-loop-grid\" data-id=\"f4217e6\" data-element_type=\"widget\" data-e-type=\"widget\" data-settings=\"{&quot;template_id&quot;:4360,&quot;columns&quot;:1,&quot;_skin&quot;:&quot;post&quot;,&quot;columns_tablet&quot;:&quot;2&quot;,&quot;columns_mobile&quot;:&quot;1&quot;,&quot;edit_handle_selector&quot;:&quot;[data-elementor-type=\\&quot;loop-item\\&quot;]&quot;,&quot;row_gap&quot;:{&quot;unit&quot;:&quot;px&quot;,&quot;size&quot;:&quot;&quot;,&quot;sizes&quot;:[]},&quot;row_gap_tablet&quot;:{&quot;unit&quot;:&quot;px&quot;,&quot;size&quot;:&quot;&quot;,&quot;sizes&quot;:[]},&quot;row_gap_mobile&quot;:{&quot;unit&quot;:&quot;px&quot;,&quot;size&quot;:&quot;&quot;,&quot;sizes&quot;:[]}}\" data-widget_type=\"loop-grid.post\">\n\t\t\t\t<div class=\"elementor-widget-container\">\n\t\t\t\t\t\t\t<div class=\"e-loop-nothing-found-message\">\n\t\t\t\t\t<div class=\"e-loop-nothing-found-message__text\">\n\t\t\t\til n\u2019y a pas d\u2019activit\u00e9s pr\u00e9vues pour le moment\t\t\t<\/div>\n\t\t\t<\/div>\n\t\t\t\t\t\t<\/div>\n\t\t\t\t<\/div>\n\t\t\t\t\t<\/div>\n\t\t<\/div>\n\t\t\t\t\t<\/div>\n\t\t<\/section>\n\t\t\t\t<\/div>\n\t\t","protected":false},"excerpt":{"rendered":"<p>VISITEZ-NOUS \u00c9v\u00e9nements \u00e0 venir<\/p>\n","protected":false},"author":1,"featured_media":0,"parent":0,"menu_order":2,"comment_status":"closed","ping_status":"closed","template":"","meta":{"_acf_changed":false,"_monsterinsights_skip_tracking":false,"_monsterinsights_sitenote_active":false,"_monsterinsights_sitenote_note":"","_monsterinsights_sitenote_category":0,"footnotes":""},"class_list":["post-2921","page","type-page","status-publish","hentry"],"acf":[],"yoast_head":"<!-- This site is optimized with the Yoast SEO plugin v27.4 - https:\/\/yoast.com\/product\/yoast-seo-wordpress\/ -->\n<title>Accueil - Les Jardins Dorval<\/title>\n<meta name=\"robots\" content=\"index, follow, max-snippet:-1, max-image-preview:large, max-video-preview:-1\" \/>\n<link rel=\"canonical\" href=\"https:\/\/www.lesjardinsdorval.com\/fr\/\" \/>\n<meta property=\"og:locale\" content=\"fr_FR\" \/>\n<meta property=\"og:type\" content=\"article\" \/>\n<meta property=\"og:title\" content=\"Accueil - Les Jardins Dorval\" \/>\n<meta property=\"og:description\" content=\"VISITEZ-NOUS \u00c9v\u00e9nements \u00e0 venir\" \/>\n<meta property=\"og:url\" content=\"https:\/\/www.lesjardinsdorval.com\/fr\/\" \/>\n<meta property=\"og:site_name\" content=\"Les Jardins Dorval\" \/>\n<meta property=\"article:publisher\" content=\"https:\/\/www.facebook.com\/JardinsDorval\/\" \/>\n<meta property=\"article:modified_time\" content=\"2025-04-23T20:31:37+00:00\" \/>\n<meta name=\"twitter:card\" content=\"summary_large_image\" \/>\n<meta name=\"twitter:label1\" content=\"Dur\u00e9e de lecture estim\u00e9e\" \/>\n\t<meta name=\"twitter:data1\" content=\"1 minute\" \/>\n<script type=\"application\/ld+json\" class=\"yoast-schema-graph\">{\"@context\":\"https:\\\/\\\/schema.org\",\"@graph\":[{\"@type\":\"WebPage\",\"@id\":\"https:\\\/\\\/www.lesjardinsdorval.com\\\/fr\\\/\",\"url\":\"https:\\\/\\\/www.lesjardinsdorval.com\\\/fr\\\/\",\"name\":\"Accueil - Les Jardins Dorval\",\"isPartOf\":{\"@id\":\"https:\\\/\\\/www.lesjardinsdorval.com\\\/#website\"},\"datePublished\":\"2023-12-10T22:37:22+00:00\",\"dateModified\":\"2025-04-23T20:31:37+00:00\",\"breadcrumb\":{\"@id\":\"https:\\\/\\\/www.lesjardinsdorval.com\\\/fr\\\/#breadcrumb\"},\"inLanguage\":\"fr-FR\",\"potentialAction\":[{\"@type\":\"ReadAction\",\"target\":[\"https:\\\/\\\/www.lesjardinsdorval.com\\\/fr\\\/\"]}]},{\"@type\":\"BreadcrumbList\",\"@id\":\"https:\\\/\\\/www.lesjardinsdorval.com\\\/fr\\\/#breadcrumb\",\"itemListElement\":[{\"@type\":\"ListItem\",\"position\":1,\"name\":\"Home\",\"item\":\"https:\\\/\\\/www.lesjardinsdorval.com\\\/fr\\\/\"},{\"@type\":\"ListItem\",\"position\":2,\"name\":\"Accueil\"}]},{\"@type\":\"WebSite\",\"@id\":\"https:\\\/\\\/www.lesjardinsdorval.com\\\/#website\",\"url\":\"https:\\\/\\\/www.lesjardinsdorval.com\\\/\",\"name\":\"Les Jardins Dorval\",\"description\":\"\",\"publisher\":{\"@id\":\"https:\\\/\\\/www.lesjardinsdorval.com\\\/#organization\"},\"potentialAction\":[{\"@type\":\"SearchAction\",\"target\":{\"@type\":\"EntryPoint\",\"urlTemplate\":\"https:\\\/\\\/www.lesjardinsdorval.com\\\/?s={search_term_string}\"},\"query-input\":{\"@type\":\"PropertyValueSpecification\",\"valueRequired\":true,\"valueName\":\"search_term_string\"}}],\"inLanguage\":\"fr-FR\"},{\"@type\":\"Organization\",\"@id\":\"https:\\\/\\\/www.lesjardinsdorval.com\\\/#organization\",\"name\":\"Les Jardins Dorval\",\"url\":\"https:\\\/\\\/www.lesjardinsdorval.com\\\/\",\"logo\":{\"@type\":\"ImageObject\",\"inLanguage\":\"fr-FR\",\"@id\":\"https:\\\/\\\/www.lesjardinsdorval.com\\\/#\\\/schema\\\/logo\\\/image\\\/\",\"url\":\"https:\\\/\\\/www.lesjardinsdorval.com\\\/wp-content\\\/uploads\\\/les-jardins-dorval-logo.svg\",\"contentUrl\":\"https:\\\/\\\/www.lesjardinsdorval.com\\\/wp-content\\\/uploads\\\/les-jardins-dorval-logo.svg\",\"caption\":\"Les Jardins Dorval\"},\"image\":{\"@id\":\"https:\\\/\\\/www.lesjardinsdorval.com\\\/#\\\/schema\\\/logo\\\/image\\\/\"},\"sameAs\":[\"https:\\\/\\\/www.facebook.com\\\/JardinsDorval\\\/\"]}]}<\/script>\n<!-- \/ Yoast SEO plugin. -->","yoast_head_json":{"title":"Accueil - Les Jardins Dorval","robots":{"index":"index","follow":"follow","max-snippet":"max-snippet:-1","max-image-preview":"max-image-preview:large","max-video-preview":"max-video-preview:-1"},"canonical":"https:\/\/www.lesjardinsdorval.com\/fr\/","og_locale":"fr_FR","og_type":"article","og_title":"Accueil - Les Jardins Dorval","og_description":"VISITEZ-NOUS \u00c9v\u00e9nements \u00e0 venir","og_url":"https:\/\/www.lesjardinsdorval.com\/fr\/","og_site_name":"Les Jardins Dorval","article_publisher":"https:\/\/www.facebook.com\/JardinsDorval\/","article_modified_time":"2025-04-23T20:31:37+00:00","twitter_card":"summary_large_image","twitter_misc":{"Dur\u00e9e de lecture estim\u00e9e":"1 minute"},"schema":{"@context":"https:\/\/schema.org","@graph":[{"@type":"WebPage","@id":"https:\/\/www.lesjardinsdorval.com\/fr\/","url":"https:\/\/www.lesjardinsdorval.com\/fr\/","name":"Accueil - Les Jardins Dorval","isPartOf":{"@id":"https:\/\/www.lesjardinsdorval.com\/#website"},"datePublished":"2023-12-10T22:37:22+00:00","dateModified":"2025-04-23T20:31:37+00:00","breadcrumb":{"@id":"https:\/\/www.lesjardinsdorval.com\/fr\/#breadcrumb"},"inLanguage":"fr-FR","potentialAction":[{"@type":"ReadAction","target":["https:\/\/www.lesjardinsdorval.com\/fr\/"]}]},{"@type":"BreadcrumbList","@id":"https:\/\/www.lesjardinsdorval.com\/fr\/#breadcrumb","itemListElement":[{"@type":"ListItem","position":1,"name":"Home","item":"https:\/\/www.lesjardinsdorval.com\/fr\/"},{"@type":"ListItem","position":2,"name":"Accueil"}]},{"@type":"WebSite","@id":"https:\/\/www.lesjardinsdorval.com\/#website","url":"https:\/\/www.lesjardinsdorval.com\/","name":"Les Jardins Dorval","description":"","publisher":{"@id":"https:\/\/www.lesjardinsdorval.com\/#organization"},"potentialAction":[{"@type":"SearchAction","target":{"@type":"EntryPoint","urlTemplate":"https:\/\/www.lesjardinsdorval.com\/?s={search_term_string}"},"query-input":{"@type":"PropertyValueSpecification","valueRequired":true,"valueName":"search_term_string"}}],"inLanguage":"fr-FR"},{"@type":"Organization","@id":"https:\/\/www.lesjardinsdorval.com\/#organization","name":"Les Jardins Dorval","url":"https:\/\/www.lesjardinsdorval.com\/","logo":{"@type":"ImageObject","inLanguage":"fr-FR","@id":"https:\/\/www.lesjardinsdorval.com\/#\/schema\/logo\/image\/","url":"https:\/\/www.lesjardinsdorval.com\/wp-content\/uploads\/les-jardins-dorval-logo.svg","contentUrl":"https:\/\/www.lesjardinsdorval.com\/wp-content\/uploads\/les-jardins-dorval-logo.svg","caption":"Les Jardins Dorval"},"image":{"@id":"https:\/\/www.lesjardinsdorval.com\/#\/schema\/logo\/image\/"},"sameAs":["https:\/\/www.facebook.com\/JardinsDorval\/"]}]}},"publishpress_future_workflow_manual_trigger":{"enabledWorkflows":[]},"_links":{"self":[{"href":"https:\/\/www.lesjardinsdorval.com\/fr\/wp-json\/wp\/v2\/pages\/2921","targetHints":{"allow":["GET"]}}],"collection":[{"href":"https:\/\/www.lesjardinsdorval.com\/fr\/wp-json\/wp\/v2\/pages"}],"about":[{"href":"https:\/\/www.lesjardinsdorval.com\/fr\/wp-json\/wp\/v2\/types\/page"}],"author":[{"embeddable":true,"href":"https:\/\/www.lesjardinsdorval.com\/fr\/wp-json\/wp\/v2\/users\/1"}],"replies":[{"embeddable":true,"href":"https:\/\/www.lesjardinsdorval.com\/fr\/wp-json\/wp\/v2\/comments?post=2921"}],"version-history":[{"count":40,"href":"https:\/\/www.lesjardinsdorval.com\/fr\/wp-json\/wp\/v2\/pages\/2921\/revisions"}],"predecessor-version":[{"id":5250,"href":"https:\/\/www.lesjardinsdorval.com\/fr\/wp-json\/wp\/v2\/pages\/2921\/revisions\/5250"}],"wp:attachment":[{"href":"https:\/\/www.lesjardinsdorval.com\/fr\/wp-json\/wp\/v2\/media?parent=2921"}],"curies":[{"name":"wp","href":"https:\/\/api.w.org\/{rel}","templated":true}]}}