{"id":4438,"date":"2024-01-25T21:12:27","date_gmt":"2024-01-26T02:12:27","guid":{"rendered":"http:\/\/ilanaw11.sg-host.com\/visit\/"},"modified":"2025-04-23T16:10:38","modified_gmt":"2025-04-23T20:10:38","slug":"visite","status":"publish","type":"page","link":"https:\/\/www.lesjardinsdorval.com\/fr\/visite\/","title":{"rendered":"Visite"},"content":{"rendered":"\t\t<div data-elementor-type=\"wp-page\" data-elementor-id=\"4438\" class=\"elementor elementor-4438 elementor-3602\" data-elementor-post-type=\"page\">\n\t\t\t\t\t\t<section class=\"elementor-section elementor-top-section elementor-element elementor-element-f853ba7 elementor-section-boxed elementor-section-height-default elementor-section-height-default\" data-id=\"f853ba7\" data-element_type=\"section\" data-e-type=\"section\">\n\t\t\t\t\t\t<div class=\"elementor-container elementor-column-gap-default\">\n\t\t\t\t\t<div class=\"elementor-column elementor-col-100 elementor-top-column elementor-element elementor-element-c64b557\" data-id=\"c64b557\" data-element_type=\"column\" data-e-type=\"column\">\n\t\t\t<div class=\"elementor-widget-wrap elementor-element-populated\">\n\t\t\t\t\t\t<div class=\"elementor-element elementor-element-854014d elementor-widget elementor-widget-heading\" data-id=\"854014d\" data-element_type=\"widget\" data-e-type=\"widget\" data-widget_type=\"heading.default\">\n\t\t\t\t<div class=\"elementor-widget-container\">\n\t\t\t\t\t<h1 class=\"elementor-heading-title elementor-size-default\">VISITE<\/h1>\t\t\t\t<\/div>\n\t\t\t\t<\/div>\n\t\t\t\t\t<\/div>\n\t\t<\/div>\n\t\t\t\t\t<\/div>\n\t\t<\/section>\n\t\t\t\t<section class=\"elementor-section elementor-top-section elementor-element elementor-element-d7dabe9 elementor-section-boxed elementor-section-height-default elementor-section-height-default\" data-id=\"d7dabe9\" data-element_type=\"section\" data-e-type=\"section\">\n\t\t\t\t\t\t<div class=\"elementor-container elementor-column-gap-default\">\n\t\t\t\t\t<div class=\"elementor-column elementor-col-100 elementor-top-column elementor-element elementor-element-1fd4b62\" data-id=\"1fd4b62\" data-element_type=\"column\" data-e-type=\"column\">\n\t\t\t<div class=\"elementor-widget-wrap elementor-element-populated\">\n\t\t\t\t\t\t<div class=\"elementor-element elementor-element-90b2f35 elementor-widget elementor-widget-text-editor\" data-id=\"90b2f35\" data-element_type=\"widget\" data-e-type=\"widget\" data-widget_type=\"text-editor.default\">\n\t\t\t\t<div class=\"elementor-widget-container\">\n\t\t\t\t\t\t\t\t\t<p style=\"text-align: center;\">Strat\u00e9giquement situ\u00e9 au c\u0153ur de Dorval, Les Jardins Dorval est le plus ancien centre commercial de Montr\u00e9al! Compos\u00e9 d\u2019un \u00e9ventail de commerces de d\u00e9tail et de services ainsi qu\u2019une multitude de commodit\u00e9s telles que : aires de repos spacieuses adapt\u00e9es aux familles, WI-FI gratuit et un vaste espace de stationnement, Les Jardins Dorval regroupe des commerces cl\u00e9s tels que Wal-Mart, Dollarama, SAQ et Pharmaprix.<\/p>\t\t\t\t\t\t\t\t<\/div>\n\t\t\t\t<\/div>\n\t\t\t\t<div class=\"elementor-element elementor-element-f7a21a5 elementor-pagination-position-outside elementor-widget elementor-widget-image-carousel\" data-id=\"f7a21a5\" data-element_type=\"widget\" data-e-type=\"widget\" data-settings=\"{&quot;slides_to_show&quot;:&quot;1&quot;,&quot;navigation&quot;:&quot;dots&quot;,&quot;autoplay&quot;:&quot;yes&quot;,&quot;pause_on_hover&quot;:&quot;yes&quot;,&quot;pause_on_interaction&quot;:&quot;yes&quot;,&quot;autoplay_speed&quot;:5000,&quot;infinite&quot;:&quot;yes&quot;,&quot;effect&quot;:&quot;slide&quot;,&quot;speed&quot;:500}\" data-widget_type=\"image-carousel.default\">\n\t\t\t\t<div class=\"elementor-widget-container\">\n\t\t\t\t\t\t\t<div class=\"elementor-image-carousel-wrapper swiper\" role=\"region\" aria-roledescription=\"carousel\" aria-label=\"Image Carousel\" dir=\"ltr\">\n\t\t\t<div class=\"elementor-image-carousel swiper-wrapper\" aria-live=\"off\">\n\t\t\t\t\t\t\t\t<div class=\"swiper-slide\" role=\"group\" aria-roledescription=\"slide\" aria-label=\"1 sur 4\"><figure class=\"swiper-slide-inner\"><img decoding=\"async\" class=\"swiper-slide-image\" src=\"https:\/\/www.lesjardinsdorval.com\/wp-content\/uploads\/QB_LesJardins_ML182_RGB_FULL1.jpg\" alt=\"QB_LesJardins_ML182_RGB_FULL1\" \/><\/figure><\/div><div class=\"swiper-slide\" role=\"group\" aria-roledescription=\"slide\" aria-label=\"2 sur 4\"><figure class=\"swiper-slide-inner\"><img decoding=\"async\" class=\"swiper-slide-image\" src=\"https:\/\/www.lesjardinsdorval.com\/wp-content\/uploads\/QB_LesJardins_ML019_RGB_FULL.jpg\" alt=\"QB_LesJardins_ML019_RGB_FULL\" \/><\/figure><\/div><div class=\"swiper-slide\" role=\"group\" aria-roledescription=\"slide\" aria-label=\"3 sur 4\"><figure class=\"swiper-slide-inner\"><img decoding=\"async\" class=\"swiper-slide-image\" src=\"https:\/\/www.lesjardinsdorval.com\/wp-content\/uploads\/QB_LesJardins_ML222_RGB_FULL.jpg\" alt=\"QB_LesJardins_ML222_RGB_FULL\" \/><\/figure><\/div><div class=\"swiper-slide\" role=\"group\" aria-roledescription=\"slide\" aria-label=\"4 sur 4\"><figure class=\"swiper-slide-inner\"><img decoding=\"async\" class=\"swiper-slide-image\" src=\"https:\/\/www.lesjardinsdorval.com\/wp-content\/uploads\/QB_LesJardins_ML067_RGB_FULL.jpg\" alt=\"QB_LesJardins_ML067_RGB_FULL\" \/><\/figure><\/div>\t\t\t<\/div>\n\t\t\t\t\t\t\t\n\t\t\t\t\t\t\t\t\t<div class=\"swiper-pagination\"><\/div>\n\t\t\t\t\t\t\t\t\t<\/div>\n\t\t\t\t\t\t<\/div>\n\t\t\t\t<\/div>\n\t\t\t\t\t<\/div>\n\t\t<\/div>\n\t\t\t\t\t<\/div>\n\t\t<\/section>\n\t\t\t\t<section class=\"elementor-section elementor-top-section elementor-element elementor-element-baa7eec elementor-section-boxed elementor-section-height-default elementor-section-height-default\" data-id=\"baa7eec\" data-element_type=\"section\" data-e-type=\"section\">\n\t\t\t\t\t\t<div class=\"elementor-container elementor-column-gap-default\">\n\t\t\t\t\t<div class=\"elementor-column elementor-col-100 elementor-top-column elementor-element elementor-element-41e7898\" data-id=\"41e7898\" data-element_type=\"column\" data-e-type=\"column\">\n\t\t\t<div class=\"elementor-widget-wrap elementor-element-populated\">\n\t\t\t\t\t\t<div class=\"elementor-element elementor-element-ac22094 elementor-widget elementor-widget-heading\" data-id=\"ac22094\" data-element_type=\"widget\" data-e-type=\"widget\" data-widget_type=\"heading.default\">\n\t\t\t\t<div class=\"elementor-widget-container\">\n\t\t\t\t\t<h1 class=\"elementor-heading-title elementor-size-default\">EMPLACEMENT<\/h1>\t\t\t\t<\/div>\n\t\t\t\t<\/div>\n\t\t\t\t\t<\/div>\n\t\t<\/div>\n\t\t\t\t\t<\/div>\n\t\t<\/section>\n\t\t\t\t<section class=\"elementor-section elementor-top-section elementor-element elementor-element-1778d46 elementor-section-boxed elementor-section-height-default elementor-section-height-default\" data-id=\"1778d46\" data-element_type=\"section\" data-e-type=\"section\">\n\t\t\t\t\t\t<div class=\"elementor-container elementor-column-gap-default\">\n\t\t\t\t\t<div class=\"elementor-column elementor-col-100 elementor-top-column elementor-element elementor-element-5fad7a0\" data-id=\"5fad7a0\" data-element_type=\"column\" data-e-type=\"column\">\n\t\t\t<div class=\"elementor-widget-wrap elementor-element-populated\">\n\t\t\t\t\t\t<div class=\"elementor-element elementor-element-963193f elementor-widget elementor-widget-text-editor\" data-id=\"963193f\" data-element_type=\"widget\" data-e-type=\"widget\" data-widget_type=\"text-editor.default\">\n\t\t\t\t<div class=\"elementor-widget-container\">\n\t\t\t\t\t\t\t\t\t<p style=\"text-align: center;\">Sa proximit\u00e9 avec l\u2019a\u00e9roport Pierre Elliott Trudeau en fait l\u2019alternative id\u00e9ale au magasinage dispendieux dans les a\u00e9roports! Venez faire un tour, d\u00e9tendez-vous avant votre vol en magasinant pour des trouvailles uniques. <a href=\"https:\/\/www.google.com\/maps\/@45.445,-73.743222,15z?hl=en\" target=\"_blank\" rel=\"noopener noreferrer nofollow\">S\u2019y rendre<\/a> &gt;<\/p>\t\t\t\t\t\t\t\t<\/div>\n\t\t\t\t<\/div>\n\t\t\t\t<div class=\"elementor-element elementor-element-2731054 elementor-widget elementor-widget-google_maps\" data-id=\"2731054\" data-element_type=\"widget\" data-e-type=\"widget\" data-widget_type=\"google_maps.default\">\n\t\t\t\t<div class=\"elementor-widget-container\">\n\t\t\t\t\t\t\t<div class=\"elementor-custom-embed\">\n\t\t\t<iframe loading=\"lazy\"\n\t\t\t\t\tsrc=\"https:\/\/maps.google.com\/maps?q=Les%20Jardins%20Dorval&#038;t=m&#038;z=15&#038;output=embed&#038;iwloc=near\"\n\t\t\t\t\ttitle=\"Les Jardins Dorval\"\n\t\t\t\t\taria-label=\"Les Jardins Dorval\"\n\t\t\t><\/iframe>\n\t\t<\/div>\n\t\t\t\t\t\t<\/div>\n\t\t\t\t<\/div>\n\t\t\t\t\t<\/div>\n\t\t<\/div>\n\t\t\t\t\t<\/div>\n\t\t<\/section>\n\t\t\t\t<section class=\"elementor-section elementor-top-section elementor-element elementor-element-75a833b elementor-section-boxed elementor-section-height-default elementor-section-height-default\" data-id=\"75a833b\" data-element_type=\"section\" data-e-type=\"section\">\n\t\t\t\t\t\t<div class=\"elementor-container elementor-column-gap-default\">\n\t\t\t\t\t<div class=\"elementor-column elementor-col-100 elementor-top-column elementor-element elementor-element-e4f38dd\" data-id=\"e4f38dd\" data-element_type=\"column\" data-e-type=\"column\">\n\t\t\t<div class=\"elementor-widget-wrap elementor-element-populated\">\n\t\t\t\t\t\t<div class=\"elementor-element elementor-element-65eb018 elementor-widget elementor-widget-heading\" data-id=\"65eb018\" data-element_type=\"widget\" data-e-type=\"widget\" data-widget_type=\"heading.default\">\n\t\t\t\t<div class=\"elementor-widget-container\">\n\t\t\t\t\t<h1 class=\"elementor-heading-title elementor-size-default\">HEURES D\u2019OUVERTURE<\/h1>\t\t\t\t<\/div>\n\t\t\t\t<\/div>\n\t\t\t\t\t<\/div>\n\t\t<\/div>\n\t\t\t\t\t<\/div>\n\t\t<\/section>\n\t\t\t\t<section class=\"elementor-section elementor-top-section elementor-element elementor-element-2336fa8 elementor-section-boxed elementor-section-height-default elementor-section-height-default\" data-id=\"2336fa8\" data-element_type=\"section\" data-e-type=\"section\">\n\t\t\t\t\t\t<div class=\"elementor-container elementor-column-gap-default\">\n\t\t\t\t\t<div class=\"elementor-column elementor-col-50 elementor-top-column elementor-element elementor-element-40882a1\" data-id=\"40882a1\" data-element_type=\"column\" data-e-type=\"column\">\n\t\t\t<div class=\"elementor-widget-wrap elementor-element-populated\">\n\t\t\t\t\t\t<div class=\"elementor-element elementor-element-32632f8 elementor-widget elementor-widget-heading\" data-id=\"32632f8\" data-element_type=\"widget\" data-e-type=\"widget\" data-widget_type=\"heading.default\">\n\t\t\t\t<div class=\"elementor-widget-container\">\n\t\t\t\t\t<h2 class=\"elementor-heading-title elementor-size-default\">HEURES:<\/h2>\t\t\t\t<\/div>\n\t\t\t\t<\/div>\n\t\t\t\t<div class=\"elementor-element elementor-element-54316f2 elementor-widget elementor-widget-shortcode\" data-id=\"54316f2\" data-element_type=\"widget\" data-e-type=\"widget\" data-widget_type=\"shortcode.default\">\n\t\t\t\t<div class=\"elementor-widget-container\">\n\t\t\t\t\t\t\t<div class=\"elementor-shortcode\"><table class=\"mabel-bhi-businesshours\"><tbody><tr ><td class=\"mabel-bhi-day\">lundi<\/td><td>10:00 - 18:00<\/td><\/tr><tr ><td class=\"mabel-bhi-day\">mardi<\/td><td>10:00 - 18:00<\/td><\/tr><tr ><td class=\"mabel-bhi-day\">mercredi<\/td><td>10:00 - 18:00<\/td><\/tr><tr class=\"mbhi-is-current\"><td class=\"mabel-bhi-day\">jeudi<\/td><td>10:00 - 21:00<\/td><\/tr><tr ><td class=\"mabel-bhi-day\">vendredi<\/td><td>10:00 - 21:00<\/td><\/tr><tr ><td class=\"mabel-bhi-day\">samedi<\/td><td>9:00 - 17:00<\/td><\/tr><tr ><td class=\"mabel-bhi-day\">dimanche<\/td><td>10:00 - 17:00<\/td><\/tr><\/tbody><\/table><\/div>\n\t\t\t\t\t\t<\/div>\n\t\t\t\t<\/div>\n\t\t\t\t<div class=\"elementor-element elementor-element-61c9e57 elementor-hidden-desktop elementor-hidden-tablet elementor-hidden-mobile elementor-widget elementor-widget-shortcode\" data-id=\"61c9e57\" data-element_type=\"widget\" data-e-type=\"widget\" data-widget_type=\"shortcode.default\">\n\t\t\t\t<div class=\"elementor-widget-container\">\n\t\t\t\t\t\t\t<div class=\"elementor-shortcode\">[op-overview set_id=\"mallhours\" show_closed_days=\"true\" include_io=\"true\" include_holidays=\"true\" template=\"table\"]<\/div>\n\t\t\t\t\t\t<\/div>\n\t\t\t\t<\/div>\n\t\t\t\t\t<\/div>\n\t\t<\/div>\n\t\t\t\t<div class=\"elementor-column elementor-col-50 elementor-top-column elementor-element elementor-element-92876d2\" data-id=\"92876d2\" data-element_type=\"column\" data-e-type=\"column\">\n\t\t\t<div class=\"elementor-widget-wrap elementor-element-populated\">\n\t\t\t\t\t\t<div class=\"elementor-element elementor-element-88282f5 elementor-widget elementor-widget-heading\" data-id=\"88282f5\" data-element_type=\"widget\" data-e-type=\"widget\" data-widget_type=\"heading.default\">\n\t\t\t\t<div class=\"elementor-widget-container\">\n\t\t\t\t\t<h2 class=\"elementor-heading-title elementor-size-default\">Horaires des jours f\u00e9ri\u00e9s<\/h2>\t\t\t\t<\/div>\n\t\t\t\t<\/div>\n\t\t\t\t<div class=\"elementor-element elementor-element-4d7e964 elementor-widget elementor-widget-shortcode\" data-id=\"4d7e964\" data-element_type=\"widget\" data-e-type=\"widget\" data-widget_type=\"shortcode.default\">\n\t\t\t\t<div class=\"elementor-widget-container\">\n\t\t\t\t\t\t\t<div class=\"elementor-shortcode\">Revenez pour nos horaires de vacances...\n<!-- [op-holidays set_id=\"mallhours\" template=\"list\" highlight=\"true\" class_highlighted=\"highlighted\"] --><\/div>\n\t\t\t\t\t\t<\/div>\n\t\t\t\t<\/div>\n\t\t\t\t\t<\/div>\n\t\t<\/div>\n\t\t\t\t\t<\/div>\n\t\t<\/section>\n\t\t\t\t<\/div>\n\t\t","protected":false},"excerpt":{"rendered":"<p>VISITE Strat\u00e9giquement situ\u00e9 au c\u0153ur de Dorval, Les Jardins Dorval est le plus ancien centre commercial de Montr\u00e9al! Compos\u00e9 d\u2019un \u00e9ventail de commerces de d\u00e9tail et de services ainsi qu\u2019une multitude de commodit\u00e9s telles que : aires de repos spacieuses adapt\u00e9es aux familles, WI-FI gratuit et un vaste espace de stationnement, Les Jardins Dorval regroupe [&hellip;]<\/p>\n","protected":false},"author":1,"featured_media":0,"parent":0,"menu_order":8,"comment_status":"closed","ping_status":"closed","template":"","meta":{"_acf_changed":false,"_monsterinsights_skip_tracking":false,"_monsterinsights_sitenote_active":false,"_monsterinsights_sitenote_note":"","_monsterinsights_sitenote_category":0,"footnotes":""},"class_list":["post-4438","page","type-page","status-publish","hentry"],"acf":[],"yoast_head":"<!-- This site is optimized with the Yoast SEO plugin v27.4 - https:\/\/yoast.com\/product\/yoast-seo-wordpress\/ -->\n<title>Visite - Les Jardins Dorval<\/title>\n<meta name=\"robots\" content=\"index, follow, max-snippet:-1, max-image-preview:large, max-video-preview:-1\" \/>\n<link rel=\"canonical\" href=\"https:\/\/www.lesjardinsdorval.com\/fr\/visite\/\" \/>\n<meta property=\"og:locale\" content=\"fr_FR\" \/>\n<meta property=\"og:type\" content=\"article\" \/>\n<meta property=\"og:title\" content=\"Visite - Les Jardins Dorval\" \/>\n<meta property=\"og:description\" content=\"VISITE Strat\u00e9giquement situ\u00e9 au c\u0153ur de Dorval, Les Jardins Dorval est le plus ancien centre commercial de Montr\u00e9al! Compos\u00e9 d\u2019un \u00e9ventail de commerces de d\u00e9tail et de services ainsi qu\u2019une multitude de commodit\u00e9s telles que : aires de repos spacieuses adapt\u00e9es aux familles, WI-FI gratuit et un vaste espace de stationnement, Les Jardins Dorval regroupe [&hellip;]\" \/>\n<meta property=\"og:url\" content=\"https:\/\/www.lesjardinsdorval.com\/fr\/visite\/\" \/>\n<meta property=\"og:site_name\" content=\"Les Jardins Dorval\" \/>\n<meta property=\"article:publisher\" content=\"https:\/\/www.facebook.com\/JardinsDorval\/\" \/>\n<meta property=\"article:modified_time\" content=\"2025-04-23T20:10:38+00:00\" \/>\n<meta property=\"og:image\" content=\"https:\/\/www.lesjardinsdorval.com\/wp-content\/uploads\/QB_LesJardins_ML182_RGB_FULL1.jpg\" \/>\n<meta name=\"twitter:card\" content=\"summary_large_image\" \/>\n<meta name=\"twitter:label1\" content=\"Dur\u00e9e de lecture estim\u00e9e\" \/>\n\t<meta name=\"twitter:data1\" content=\"2 minutes\" \/>\n<script type=\"application\/ld+json\" class=\"yoast-schema-graph\">{\"@context\":\"https:\\\/\\\/schema.org\",\"@graph\":[{\"@type\":\"WebPage\",\"@id\":\"https:\\\/\\\/www.lesjardinsdorval.com\\\/fr\\\/visite\\\/\",\"url\":\"https:\\\/\\\/www.lesjardinsdorval.com\\\/fr\\\/visite\\\/\",\"name\":\"Visite - Les Jardins Dorval\",\"isPartOf\":{\"@id\":\"https:\\\/\\\/www.lesjardinsdorval.com\\\/#website\"},\"primaryImageOfPage\":{\"@id\":\"https:\\\/\\\/www.lesjardinsdorval.com\\\/fr\\\/visite\\\/#primaryimage\"},\"image\":{\"@id\":\"https:\\\/\\\/www.lesjardinsdorval.com\\\/fr\\\/visite\\\/#primaryimage\"},\"thumbnailUrl\":\"https:\\\/\\\/www.lesjardinsdorval.com\\\/wp-content\\\/uploads\\\/QB_LesJardins_ML182_RGB_FULL1.jpg\",\"datePublished\":\"2024-01-26T02:12:27+00:00\",\"dateModified\":\"2025-04-23T20:10:38+00:00\",\"breadcrumb\":{\"@id\":\"https:\\\/\\\/www.lesjardinsdorval.com\\\/fr\\\/visite\\\/#breadcrumb\"},\"inLanguage\":\"fr-FR\",\"potentialAction\":[{\"@type\":\"ReadAction\",\"target\":[\"https:\\\/\\\/www.lesjardinsdorval.com\\\/fr\\\/visite\\\/\"]}]},{\"@type\":\"ImageObject\",\"inLanguage\":\"fr-FR\",\"@id\":\"https:\\\/\\\/www.lesjardinsdorval.com\\\/fr\\\/visite\\\/#primaryimage\",\"url\":\"https:\\\/\\\/www.lesjardinsdorval.com\\\/wp-content\\\/uploads\\\/QB_LesJardins_ML182_RGB_FULL1.jpg\",\"contentUrl\":\"https:\\\/\\\/www.lesjardinsdorval.com\\\/wp-content\\\/uploads\\\/QB_LesJardins_ML182_RGB_FULL1.jpg\"},{\"@type\":\"BreadcrumbList\",\"@id\":\"https:\\\/\\\/www.lesjardinsdorval.com\\\/fr\\\/visite\\\/#breadcrumb\",\"itemListElement\":[{\"@type\":\"ListItem\",\"position\":1,\"name\":\"Home\",\"item\":\"https:\\\/\\\/www.lesjardinsdorval.com\\\/fr\\\/\"},{\"@type\":\"ListItem\",\"position\":2,\"name\":\"Visite\"}]},{\"@type\":\"WebSite\",\"@id\":\"https:\\\/\\\/www.lesjardinsdorval.com\\\/#website\",\"url\":\"https:\\\/\\\/www.lesjardinsdorval.com\\\/\",\"name\":\"Les Jardins Dorval\",\"description\":\"\",\"publisher\":{\"@id\":\"https:\\\/\\\/www.lesjardinsdorval.com\\\/#organization\"},\"potentialAction\":[{\"@type\":\"SearchAction\",\"target\":{\"@type\":\"EntryPoint\",\"urlTemplate\":\"https:\\\/\\\/www.lesjardinsdorval.com\\\/?s={search_term_string}\"},\"query-input\":{\"@type\":\"PropertyValueSpecification\",\"valueRequired\":true,\"valueName\":\"search_term_string\"}}],\"inLanguage\":\"fr-FR\"},{\"@type\":\"Organization\",\"@id\":\"https:\\\/\\\/www.lesjardinsdorval.com\\\/#organization\",\"name\":\"Les Jardins Dorval\",\"url\":\"https:\\\/\\\/www.lesjardinsdorval.com\\\/\",\"logo\":{\"@type\":\"ImageObject\",\"inLanguage\":\"fr-FR\",\"@id\":\"https:\\\/\\\/www.lesjardinsdorval.com\\\/#\\\/schema\\\/logo\\\/image\\\/\",\"url\":\"https:\\\/\\\/www.lesjardinsdorval.com\\\/wp-content\\\/uploads\\\/les-jardins-dorval-logo.svg\",\"contentUrl\":\"https:\\\/\\\/www.lesjardinsdorval.com\\\/wp-content\\\/uploads\\\/les-jardins-dorval-logo.svg\",\"caption\":\"Les Jardins Dorval\"},\"image\":{\"@id\":\"https:\\\/\\\/www.lesjardinsdorval.com\\\/#\\\/schema\\\/logo\\\/image\\\/\"},\"sameAs\":[\"https:\\\/\\\/www.facebook.com\\\/JardinsDorval\\\/\"]}]}<\/script>\n<!-- \/ Yoast SEO plugin. -->","yoast_head_json":{"title":"Visite - Les Jardins Dorval","robots":{"index":"index","follow":"follow","max-snippet":"max-snippet:-1","max-image-preview":"max-image-preview:large","max-video-preview":"max-video-preview:-1"},"canonical":"https:\/\/www.lesjardinsdorval.com\/fr\/visite\/","og_locale":"fr_FR","og_type":"article","og_title":"Visite - Les Jardins Dorval","og_description":"VISITE Strat\u00e9giquement situ\u00e9 au c\u0153ur de Dorval, Les Jardins Dorval est le plus ancien centre commercial de Montr\u00e9al! Compos\u00e9 d\u2019un \u00e9ventail de commerces de d\u00e9tail et de services ainsi qu\u2019une multitude de commodit\u00e9s telles que : aires de repos spacieuses adapt\u00e9es aux familles, WI-FI gratuit et un vaste espace de stationnement, Les Jardins Dorval regroupe [&hellip;]","og_url":"https:\/\/www.lesjardinsdorval.com\/fr\/visite\/","og_site_name":"Les Jardins Dorval","article_publisher":"https:\/\/www.facebook.com\/JardinsDorval\/","article_modified_time":"2025-04-23T20:10:38+00:00","og_image":[{"url":"https:\/\/www.lesjardinsdorval.com\/wp-content\/uploads\/QB_LesJardins_ML182_RGB_FULL1.jpg","type":"","width":"","height":""}],"twitter_card":"summary_large_image","twitter_misc":{"Dur\u00e9e de lecture estim\u00e9e":"2 minutes"},"schema":{"@context":"https:\/\/schema.org","@graph":[{"@type":"WebPage","@id":"https:\/\/www.lesjardinsdorval.com\/fr\/visite\/","url":"https:\/\/www.lesjardinsdorval.com\/fr\/visite\/","name":"Visite - Les Jardins Dorval","isPartOf":{"@id":"https:\/\/www.lesjardinsdorval.com\/#website"},"primaryImageOfPage":{"@id":"https:\/\/www.lesjardinsdorval.com\/fr\/visite\/#primaryimage"},"image":{"@id":"https:\/\/www.lesjardinsdorval.com\/fr\/visite\/#primaryimage"},"thumbnailUrl":"https:\/\/www.lesjardinsdorval.com\/wp-content\/uploads\/QB_LesJardins_ML182_RGB_FULL1.jpg","datePublished":"2024-01-26T02:12:27+00:00","dateModified":"2025-04-23T20:10:38+00:00","breadcrumb":{"@id":"https:\/\/www.lesjardinsdorval.com\/fr\/visite\/#breadcrumb"},"inLanguage":"fr-FR","potentialAction":[{"@type":"ReadAction","target":["https:\/\/www.lesjardinsdorval.com\/fr\/visite\/"]}]},{"@type":"ImageObject","inLanguage":"fr-FR","@id":"https:\/\/www.lesjardinsdorval.com\/fr\/visite\/#primaryimage","url":"https:\/\/www.lesjardinsdorval.com\/wp-content\/uploads\/QB_LesJardins_ML182_RGB_FULL1.jpg","contentUrl":"https:\/\/www.lesjardinsdorval.com\/wp-content\/uploads\/QB_LesJardins_ML182_RGB_FULL1.jpg"},{"@type":"BreadcrumbList","@id":"https:\/\/www.lesjardinsdorval.com\/fr\/visite\/#breadcrumb","itemListElement":[{"@type":"ListItem","position":1,"name":"Home","item":"https:\/\/www.lesjardinsdorval.com\/fr\/"},{"@type":"ListItem","position":2,"name":"Visite"}]},{"@type":"WebSite","@id":"https:\/\/www.lesjardinsdorval.com\/#website","url":"https:\/\/www.lesjardinsdorval.com\/","name":"Les Jardins Dorval","description":"","publisher":{"@id":"https:\/\/www.lesjardinsdorval.com\/#organization"},"potentialAction":[{"@type":"SearchAction","target":{"@type":"EntryPoint","urlTemplate":"https:\/\/www.lesjardinsdorval.com\/?s={search_term_string}"},"query-input":{"@type":"PropertyValueSpecification","valueRequired":true,"valueName":"search_term_string"}}],"inLanguage":"fr-FR"},{"@type":"Organization","@id":"https:\/\/www.lesjardinsdorval.com\/#organization","name":"Les Jardins Dorval","url":"https:\/\/www.lesjardinsdorval.com\/","logo":{"@type":"ImageObject","inLanguage":"fr-FR","@id":"https:\/\/www.lesjardinsdorval.com\/#\/schema\/logo\/image\/","url":"https:\/\/www.lesjardinsdorval.com\/wp-content\/uploads\/les-jardins-dorval-logo.svg","contentUrl":"https:\/\/www.lesjardinsdorval.com\/wp-content\/uploads\/les-jardins-dorval-logo.svg","caption":"Les Jardins Dorval"},"image":{"@id":"https:\/\/www.lesjardinsdorval.com\/#\/schema\/logo\/image\/"},"sameAs":["https:\/\/www.facebook.com\/JardinsDorval\/"]}]}},"publishpress_future_workflow_manual_trigger":{"enabledWorkflows":[]},"_links":{"self":[{"href":"https:\/\/www.lesjardinsdorval.com\/fr\/wp-json\/wp\/v2\/pages\/4438","targetHints":{"allow":["GET"]}}],"collection":[{"href":"https:\/\/www.lesjardinsdorval.com\/fr\/wp-json\/wp\/v2\/pages"}],"about":[{"href":"https:\/\/www.lesjardinsdorval.com\/fr\/wp-json\/wp\/v2\/types\/page"}],"author":[{"embeddable":true,"href":"https:\/\/www.lesjardinsdorval.com\/fr\/wp-json\/wp\/v2\/users\/1"}],"replies":[{"embeddable":true,"href":"https:\/\/www.lesjardinsdorval.com\/fr\/wp-json\/wp\/v2\/comments?post=4438"}],"version-history":[{"count":6,"href":"https:\/\/www.lesjardinsdorval.com\/fr\/wp-json\/wp\/v2\/pages\/4438\/revisions"}],"predecessor-version":[{"id":5186,"href":"https:\/\/www.lesjardinsdorval.com\/fr\/wp-json\/wp\/v2\/pages\/4438\/revisions\/5186"}],"wp:attachment":[{"href":"https:\/\/www.lesjardinsdorval.com\/fr\/wp-json\/wp\/v2\/media?parent=4438"}],"curies":[{"name":"wp","href":"https:\/\/api.w.org\/{rel}","templated":true}]}}