{"id":4592,"date":"2024-01-26T11:59:21","date_gmt":"2024-01-26T16:59:21","guid":{"rendered":"https:\/\/ilanaw11.sg-host.com\/privacy-policy\/"},"modified":"2025-04-23T16:10:42","modified_gmt":"2025-04-23T20:10:42","slug":"confidentialite","status":"publish","type":"page","link":"https:\/\/www.lesjardinsdorval.com\/fr\/confidentialite\/","title":{"rendered":"Politique de Confidentialit\u00e9"},"content":{"rendered":"\t\t<div data-elementor-type=\"wp-page\" data-elementor-id=\"4592\" class=\"elementor elementor-4592 elementor-3762\" data-elementor-post-type=\"page\">\n\t\t\t\t\t\t<section class=\"elementor-section elementor-top-section elementor-element elementor-element-f853ba7 elementor-section-boxed elementor-section-height-default elementor-section-height-default\" data-id=\"f853ba7\" data-element_type=\"section\" data-e-type=\"section\">\n\t\t\t\t\t\t<div class=\"elementor-container elementor-column-gap-default\">\n\t\t\t\t\t<div class=\"elementor-column elementor-col-100 elementor-top-column elementor-element elementor-element-c64b557\" data-id=\"c64b557\" data-element_type=\"column\" data-e-type=\"column\">\n\t\t\t<div class=\"elementor-widget-wrap elementor-element-populated\">\n\t\t\t\t\t\t<div class=\"elementor-element elementor-element-854014d elementor-widget elementor-widget-heading\" data-id=\"854014d\" data-element_type=\"widget\" data-e-type=\"widget\" data-widget_type=\"heading.default\">\n\t\t\t\t<div class=\"elementor-widget-container\">\n\t\t\t\t\t<h1 class=\"elementor-heading-title elementor-size-default\">POLITIQUE DE CONFIDENTIALIT\u00c9<\/h1>\t\t\t\t<\/div>\n\t\t\t\t<\/div>\n\t\t\t\t\t<\/div>\n\t\t<\/div>\n\t\t\t\t\t<\/div>\n\t\t<\/section>\n\t\t\t\t<section class=\"elementor-section elementor-top-section elementor-element elementor-element-d7dabe9 elementor-section-boxed elementor-section-height-default elementor-section-height-default\" data-id=\"d7dabe9\" data-element_type=\"section\" data-e-type=\"section\">\n\t\t\t\t\t\t<div class=\"elementor-container elementor-column-gap-default\">\n\t\t\t\t\t<div class=\"elementor-column elementor-col-100 elementor-top-column elementor-element elementor-element-15e6436\" data-id=\"15e6436\" data-element_type=\"column\" data-e-type=\"column\">\n\t\t\t<div class=\"elementor-widget-wrap elementor-element-populated\">\n\t\t\t\t\t\t<div class=\"elementor-element elementor-element-6da71e6 elementor-widget elementor-widget-text-editor\" data-id=\"6da71e6\" data-element_type=\"widget\" data-e-type=\"widget\" data-widget_type=\"text-editor.default\">\n\t\t\t\t<div class=\"elementor-widget-container\">\n\t\t\t\t\t\t\t\t\t<p>Le but de cette politique de confidentialit\u00e9 est d\u2019informer les utilisateurs de notre site des donn\u00e9es personnelles que nous recueillerons ainsi que les informations suivantes, le cas \u00e9ch\u00e9ant :<\/p><ol><li>Les donn\u00e9es personnelles que nous collectons<\/li><li>Comment nous utilisons les donn\u00e9es personnelles<\/li><li>Avec qui nous partageons les donn\u00e9es personnelles<\/li><li>Comment nous prot\u00e9geons vos donn\u00e9es personnelles<\/li><li>Vos droits en tant qu\u2019utilisateur<\/li><li>Politique sur les cookies<\/li><\/ol><p>Cette politique de confidentialit\u00e9 fonctionne parall\u00e8lement aux conditions g\u00e9n\u00e9rales d\u2019utilisation de notre site.<\/p><p><strong>Lois applicables :\u00a0<\/strong><br \/>Cette politique est conforme \u00e0 la Loi modernisant des dispositions l\u00e9gislatives en mati\u00e8re de protection des renseignements personnels dans le secteur priv\u00e9, aussi appel\u00e9e Loi 25.<\/p><p><strong>Consentement<\/strong><br \/>Les utilisateurs conviennent qu\u2019en utilisant notre site, ils consentent \u00e0 :<\/p><ol><li>les conditions \u00e9nonc\u00e9es dans la pr\u00e9sente politique de confidentialit\u00e9 et<\/li><li>la collecte, l\u2019utilisation et la conservation des donn\u00e9es \u00e9num\u00e9r\u00e9es dans la pr\u00e9sente politique.<\/li><\/ol>\t\t\t\t\t\t\t\t<\/div>\n\t\t\t\t<\/div>\n\t\t\t\t<div class=\"elementor-element elementor-element-e4b8f54 elementor-widget elementor-widget-heading\" data-id=\"e4b8f54\" data-element_type=\"widget\" data-e-type=\"widget\" data-widget_type=\"heading.default\">\n\t\t\t\t<div class=\"elementor-widget-container\">\n\t\t\t\t\t<h2 class=\"elementor-heading-title elementor-size-default\">LES DONN\u00c9ES PERSONNELLES QUE NOUS COLLECTONS<\/h2>\t\t\t\t<\/div>\n\t\t\t\t<\/div>\n\t\t\t\t<div class=\"elementor-element elementor-element-607e6d7 elementor-widget elementor-widget-text-editor\" data-id=\"607e6d7\" data-element_type=\"widget\" data-e-type=\"widget\" data-widget_type=\"text-editor.default\">\n\t\t\t\t<div class=\"elementor-widget-container\">\n\t\t\t\t\t\t\t\t\t<p><strong>Donn\u00e9es collect\u00e9es automatiquement<\/strong><br \/>Lorsque vous visitez et utilisez notre site, nous pouvons automatiquement recueillir et conserver les renseignements suivants :<\/p><ol><li>Adresse IP<\/li><li>Lieu<\/li><li>D\u00e9tails mat\u00e9riels et logiciels<\/li><li>Liens cliqu\u00e9s sur le site<\/li><li>Contenu consult\u00e9 sur le site<\/li><\/ol><p><strong>Donn\u00e9es recueillies de fa\u00e7on non automatique<\/strong><br \/>Nous pouvons \u00e9galement collecter les donn\u00e9es suivantes lorsque vous effectuez certaines fonctions sur notre site :<\/p><ol><li>Pr\u00e9nom et nom<\/li><li>\u00c2ge<\/li><li>Sexe<\/li><li>Email<\/li><li>Domicile<\/li><li>Donn\u00e9es de remplissage automatique<\/li><\/ol><p>Ces donn\u00e9es peuvent \u00eatre recueillies au moyen des m\u00e9thodes suivantes :<\/p><p><strong>Formulaire inscription infolettre<\/strong><br \/>Veuillez noter que nous ne collectons que les donn\u00e9es qui nous aident \u00e0 atteindre l\u2019objectif \u00e9nonc\u00e9 dans cette politique de confidentialit\u00e9.<\/p><p>Nous ne recueillerons pas de donn\u00e9es suppl\u00e9mentaires sans vous en informer au pr\u00e9alable.<\/p>\t\t\t\t\t\t\t\t<\/div>\n\t\t\t\t<\/div>\n\t\t\t\t<div class=\"elementor-element elementor-element-7749eeb elementor-widget elementor-widget-heading\" data-id=\"7749eeb\" data-element_type=\"widget\" data-e-type=\"widget\" data-widget_type=\"heading.default\">\n\t\t\t\t<div class=\"elementor-widget-container\">\n\t\t\t\t\t<h2 class=\"elementor-heading-title elementor-size-default\">COMMENT NOUS UTILISONS LES DONN\u00c9ES PERSONNELLES<\/h2>\t\t\t\t<\/div>\n\t\t\t\t<\/div>\n\t\t\t\t<div class=\"elementor-element elementor-element-429fb2d elementor-widget elementor-widget-text-editor\" data-id=\"429fb2d\" data-element_type=\"widget\" data-e-type=\"widget\" data-widget_type=\"text-editor.default\">\n\t\t\t\t<div class=\"elementor-widget-container\">\n\t\t\t\t\t\t\t\t\t<p>Les donn\u00e9es personnelles recueillies sur notre site seront utilis\u00e9es uniquement aux fins pr\u00e9cis\u00e9es dans la pr\u00e9sente politique. Nous n\u2019utiliserons pas vos donn\u00e9es au-del\u00e0 de ce que nous divulguerons.<\/p><p>Les donn\u00e9es que nous recueillons automatiquement sont utilis\u00e9es aux fins suivantes :<\/p><ol><li>Statistiques<\/li><li>Reciblage pour campagnes num\u00e9riques<\/li><li>Cr\u00e9ation d\u2019audiences<\/li><\/ol><p>Les donn\u00e9es que nous recueillons lorsque l\u2019utilisateur ex\u00e9cute certaines fonctions peuvent \u00eatre utilis\u00e9es aux fins suivantes :<\/p><ol><li>Statistiques<\/li><li>Communication, envoi d\u2019infolettres<\/li><\/ol>\t\t\t\t\t\t\t\t<\/div>\n\t\t\t\t<\/div>\n\t\t\t\t<div class=\"elementor-element elementor-element-8671b5a elementor-widget elementor-widget-heading\" data-id=\"8671b5a\" data-element_type=\"widget\" data-e-type=\"widget\" data-widget_type=\"heading.default\">\n\t\t\t\t<div class=\"elementor-widget-container\">\n\t\t\t\t\t<h2 class=\"elementor-heading-title elementor-size-default\">AVEC QUI NOUS PARTAGEONS LES DONN\u00c9ES PERSONNELLES :<\/h2>\t\t\t\t<\/div>\n\t\t\t\t<\/div>\n\t\t\t\t<div class=\"elementor-element elementor-element-91da0a1 elementor-widget elementor-widget-text-editor\" data-id=\"91da0a1\" data-element_type=\"widget\" data-e-type=\"widget\" data-widget_type=\"text-editor.default\">\n\t\t\t\t<div class=\"elementor-widget-container\">\n\t\t\t\t\t\t\t\t\t<p>Nous pouvons divulguer \u00e0 tout membre de notre organisation les donn\u00e9es utilisateur dont il a raisonnablement besoin pour r\u00e9aliser les objectifs \u00e9nonc\u00e9s dans la pr\u00e9sente politique.<\/p><p><strong>Tierces parties<\/strong><br \/>Les tiers ne seront pas en mesure d\u2019acc\u00e9der aux donn\u00e9es des utilisateurs au-del\u00e0 de ce qui est raisonnablement n\u00e9cessaire pour atteindre l\u2019objectif donn\u00e9.<\/p><p><strong>Autres divulgations<\/strong><br \/>Nous nous engageons \u00e0 ne pas vendre ou partager vos donn\u00e9es avec des tiers, sauf dans les cas suivants :<\/p><ol><li>si la loi l\u2019exige<\/li><li>si elle est requise pour toute proc\u00e9dure judiciaire<\/li><li>pour prouver ou prot\u00e9ger nos droits l\u00e9gaux<\/li><li>\u00e0 des acheteurs ou des acheteurs potentiels de cette soci\u00e9t\u00e9 dans le cas o\u00f9 nous cherchons \u00e0 la vendre la soci\u00e9t\u00e9<\/li><\/ol><p>Si vous suivez des hyperliens de notre site vers un autre site, veuillez noter que nous ne sommes pas responsables et n\u2019avons pas de contr\u00f4le sur leurs politiques et pratiques de confidentialit\u00e9.<\/p><p>Nous ne conservons pas les donn\u00e9es des utilisateurs au-del\u00e0 de ce qui est n\u00e9cessaire pour atteindre les fins pour lesquelles elles sont recueillies.<\/p>\t\t\t\t\t\t\t\t<\/div>\n\t\t\t\t<\/div>\n\t\t\t\t<div class=\"elementor-element elementor-element-8252928 elementor-widget elementor-widget-heading\" data-id=\"8252928\" data-element_type=\"widget\" data-e-type=\"widget\" data-widget_type=\"heading.default\">\n\t\t\t\t<div class=\"elementor-widget-container\">\n\t\t\t\t\t<h2 class=\"elementor-heading-title elementor-size-default\">COMMENT NOUS PROT\u00c9GEONS VOS DONN\u00c9ES PERSONNELLES<\/h2>\t\t\t\t<\/div>\n\t\t\t\t<\/div>\n\t\t\t\t<div class=\"elementor-element elementor-element-dce6e0b elementor-widget elementor-widget-text-editor\" data-id=\"dce6e0b\" data-element_type=\"widget\" data-e-type=\"widget\" data-widget_type=\"text-editor.default\">\n\t\t\t\t<div class=\"elementor-widget-container\">\n\t\t\t\t\t\t\t\t\t<p>Afin d\u2019assurer la protection de votre s\u00e9curit\u00e9, nous utilisons des syst\u00e8mes s\u00e9curis\u00e9s pour transmettre des renseignements personnels dans notre base de donn\u00e9es.<\/p><p>Toutes les donn\u00e9es stock\u00e9es dans notre syst\u00e8me sont bien s\u00e9curis\u00e9es et ne sont accessibles qu\u2019\u00e0 nos employ\u00e9s. Nos employ\u00e9s sont li\u00e9s par des accords de confidentialit\u00e9 stricts et une violation de cet accord entra\u00eenerait le licenciement de l\u2019employ\u00e9.<\/p><p>Alors que nous prenons toutes les pr\u00e9cautions raisonnables pour nous assurer que nos donn\u00e9es d\u2019utilisateur sont s\u00e9curis\u00e9es et que les utilisateurs sont prot\u00e9g\u00e9s, il reste toujours du risque de pr\u00e9judice. L\u2019Internet en sa totalit\u00e9 peut \u00eatre, parfois, peu s\u00fbr et donc nous sommes incapables de garantir la s\u00e9curit\u00e9 des donn\u00e9es des utilisateurs au-del\u00e0 de ce qui est raisonnablement pratique.<\/p>\t\t\t\t\t\t\t\t<\/div>\n\t\t\t\t<\/div>\n\t\t\t\t<div class=\"elementor-element elementor-element-3507e42 elementor-widget elementor-widget-heading\" data-id=\"3507e42\" data-element_type=\"widget\" data-e-type=\"widget\" data-widget_type=\"heading.default\">\n\t\t\t\t<div class=\"elementor-widget-container\">\n\t\t\t\t\t<h2 class=\"elementor-heading-title elementor-size-default\">VOS DROITS EN TANT QU\u2019UTILISATEUR<\/h2>\t\t\t\t<\/div>\n\t\t\t\t<\/div>\n\t\t\t\t<div class=\"elementor-element elementor-element-04cb049 elementor-widget elementor-widget-text-editor\" data-id=\"04cb049\" data-element_type=\"widget\" data-e-type=\"widget\" data-widget_type=\"text-editor.default\">\n\t\t\t\t<div class=\"elementor-widget-container\">\n\t\t\t\t\t\t\t\t\t<p>En tant qu\u2019utilisateur, vous avez le droit d\u2019acc\u00e9der \u00e0 toutes vos donn\u00e9es personnelles que nous avons collect\u00e9es. En outre, vous avez le droit de mettre \u00e0 jour ou de corriger toute donn\u00e9e personnelle en notre possession \u00e0 condition qu\u2019elle soit acceptable en vertu de la loi.<\/p><p>Vous pouvez choisir de supprimer ou de modifier votre consentement \u00e0 la collecte et \u00e0 l\u2019utilisation des donn\u00e9es en tout temps, pourvu qu\u2019il soit l\u00e9galement acceptable de le faire et que vous nous en ayez inform\u00e9 dans un d\u00e9lai raisonnable.<\/p><p><strong>Comment modifier, supprimer ou contester les donn\u00e9es recueillies :\u00a0<\/strong><br \/>Si vous souhaitez que vos renseignements soient supprim\u00e9s ou modifi\u00e9s d\u2019une fa\u00e7on ou d\u2019une autre, veuillez communiquer avec notre agent de protection de la vie priv\u00e9e ici:<\/p><p>Suzie Plamondon<br \/>352 Avenue Dorval, QC H9S 3H8<br \/><a href=\"mailto:jardinsdorval@centrecorp.com\">jardinsdorval@centrecorp.com<\/a><\/p>\t\t\t\t\t\t\t\t<\/div>\n\t\t\t\t<\/div>\n\t\t\t\t<div class=\"elementor-element elementor-element-bd6de1b elementor-widget elementor-widget-heading\" data-id=\"bd6de1b\" data-element_type=\"widget\" data-e-type=\"widget\" data-widget_type=\"heading.default\">\n\t\t\t\t<div class=\"elementor-widget-container\">\n\t\t\t\t\t<h2 class=\"elementor-heading-title elementor-size-default\">POLITIQUE SUR LES COOKIES<\/h2>\t\t\t\t<\/div>\n\t\t\t\t<\/div>\n\t\t\t\t<div class=\"elementor-element elementor-element-ff04eda elementor-widget elementor-widget-text-editor\" data-id=\"ff04eda\" data-element_type=\"widget\" data-e-type=\"widget\" data-widget_type=\"text-editor.default\">\n\t\t\t\t<div class=\"elementor-widget-container\">\n\t\t\t\t\t\t\t\t\t<p>Un cookie est un petit fichier, stock\u00e9 sur le disque dur d\u2019un utilisateur par le site Web. Son but est de recueillir des donn\u00e9es relatives aux habitudes de navigation de l\u2019utilisateur.<\/p><p>Nous utilisons les types de cookies suivants sur notre site :<\/p><p><strong>Cookies analytiques :\u00a0<\/strong><br \/>Cela nous permet d\u2019am\u00e9liorer la conception et la fonctionnalit\u00e9 de notre site en recueillant des donn\u00e9es sur le contenu auquel vous acc\u00e9dez et sur lequel vous vous accrochez en utilisant notre site.<\/p><p><strong>Cookies de ciblage :<\/strong><br \/>Ces cookies collectent des donn\u00e9es sur la fa\u00e7on dont vous utilisez le site et vos pr\u00e9f\u00e9rences. Cela nous permet de rendre les informations que vous voyez sur notre site plus promotionnelles et cibl\u00e9es pour vous. Vous pouvez choisir d\u2019\u00eatre averti chaque fois qu\u2019un cookie est transmis. Vous pouvez \u00e9galement choisir de d\u00e9sactiver les cookies enti\u00e8rement dans votre navigateur Internet, mais cela peut diminuer la qualit\u00e9 de votre exp\u00e9rience d\u2019utilisation.<\/p><p><strong>Cookies tiers<\/strong><br \/>Nous pouvons utiliser des cookies tiers sur notre site pour collecter des donn\u00e9es, pour surveiller les pr\u00e9f\u00e9rences des utilisateurs et adapter les publicit\u00e9s autour de leurs int\u00e9r\u00eats.<\/p><p><strong>Modifications<\/strong><br \/>Cette politique de confidentialit\u00e9 peut \u00eatre modifi\u00e9e \u00e0 l\u2019occasion afin de maintenir la conformit\u00e9 avec la loi et de tenir compte de tout changement \u00e0 notre processus de collecte de donn\u00e9es. Nous recommandons \u00e0 nos utilisateurs de v\u00e9rifier notre politique de temps \u00e0 autre pour s\u2019assurer qu\u2019ils soient inform\u00e9s de toute mise \u00e0 jour. Au besoin, nous pouvons informer les utilisateurs par courriel des changements apport\u00e9s \u00e0 cette politique.<\/p>\t\t\t\t\t\t\t\t<\/div>\n\t\t\t\t<\/div>\n\t\t\t\t<div class=\"elementor-element elementor-element-4a7e97f elementor-widget elementor-widget-heading\" data-id=\"4a7e97f\" data-element_type=\"widget\" data-e-type=\"widget\" data-widget_type=\"heading.default\">\n\t\t\t\t<div class=\"elementor-widget-container\">\n\t\t\t\t\t<h2 class=\"elementor-heading-title elementor-size-default\">Contact<\/h2>\t\t\t\t<\/div>\n\t\t\t\t<\/div>\n\t\t\t\t<div class=\"elementor-element elementor-element-c277452 elementor-widget elementor-widget-text-editor\" data-id=\"c277452\" data-element_type=\"widget\" data-e-type=\"widget\" data-widget_type=\"text-editor.default\">\n\t\t\t\t<div class=\"elementor-widget-container\">\n\t\t\t\t\t\t\t\t\t<p>Si vous avez des questions \u00e0 nous poser, n\u2019h\u00e9sitez pas \u00e0 communiquer avec nous en utilisant ce qui suit :<\/p><p>(514) 307-0213<br \/><a href=\"mailto:jardinsdorval@centrecorp.com\">jardinsdorval@centrecorp.com<\/a><br \/>352 Avenue Dorval, Dorval, QC H9S 3H8<\/p><p><i>Date d\u2019entr\u00e9e en vigueur : le 22 septembre 2023<br \/><\/i><\/p>\t\t\t\t\t\t\t\t<\/div>\n\t\t\t\t<\/div>\n\t\t\t\t\t<\/div>\n\t\t<\/div>\n\t\t\t\t\t<\/div>\n\t\t<\/section>\n\t\t\t\t<\/div>\n\t\t","protected":false},"excerpt":{"rendered":"<p>POLITIQUE DE CONFIDENTIALIT\u00c9 Le but de cette politique de confidentialit\u00e9 est d\u2019informer les utilisateurs de notre site des donn\u00e9es personnelles que nous recueillerons ainsi que les informations suivantes, le cas \u00e9ch\u00e9ant : Les donn\u00e9es personnelles que nous collectons Comment nous utilisons les donn\u00e9es personnelles Avec qui nous partageons les donn\u00e9es personnelles Comment nous prot\u00e9geons vos [&hellip;]<\/p>\n","protected":false},"author":1,"featured_media":0,"parent":0,"menu_order":17,"comment_status":"closed","ping_status":"closed","template":"","meta":{"_acf_changed":false,"_monsterinsights_skip_tracking":false,"_monsterinsights_sitenote_active":false,"_monsterinsights_sitenote_note":"","_monsterinsights_sitenote_category":0,"footnotes":""},"class_list":["post-4592","page","type-page","status-publish","hentry"],"acf":[],"yoast_head":"<!-- This site is optimized with the Yoast SEO plugin v27.3 - https:\/\/yoast.com\/product\/yoast-seo-wordpress\/ -->\n<title>Politique de Confidentialit\u00e9 - Les Jardins Dorval<\/title>\n<meta name=\"robots\" content=\"index, follow, max-snippet:-1, max-image-preview:large, max-video-preview:-1\" \/>\n<link rel=\"canonical\" href=\"https:\/\/www.lesjardinsdorval.com\/fr\/confidentialite\/\" \/>\n<meta property=\"og:locale\" content=\"fr_FR\" \/>\n<meta property=\"og:type\" content=\"article\" \/>\n<meta property=\"og:title\" content=\"Politique de Confidentialit\u00e9 - Les Jardins Dorval\" \/>\n<meta property=\"og:description\" content=\"POLITIQUE DE CONFIDENTIALIT\u00c9 Le but de cette politique de confidentialit\u00e9 est d\u2019informer les utilisateurs de notre site des donn\u00e9es personnelles que nous recueillerons ainsi que les informations suivantes, le cas \u00e9ch\u00e9ant : Les donn\u00e9es personnelles que nous collectons Comment nous utilisons les donn\u00e9es personnelles Avec qui nous partageons les donn\u00e9es personnelles Comment nous prot\u00e9geons vos [&hellip;]\" \/>\n<meta property=\"og:url\" content=\"https:\/\/www.lesjardinsdorval.com\/fr\/confidentialite\/\" \/>\n<meta property=\"og:site_name\" content=\"Les Jardins Dorval\" \/>\n<meta property=\"article:publisher\" content=\"https:\/\/www.facebook.com\/JardinsDorval\/\" \/>\n<meta property=\"article:modified_time\" content=\"2025-04-23T20:10:42+00:00\" \/>\n<meta name=\"twitter:card\" content=\"summary_large_image\" \/>\n<meta name=\"twitter:label1\" content=\"Dur\u00e9e de lecture estim\u00e9e\" \/>\n\t<meta name=\"twitter:data1\" content=\"6 minutes\" \/>\n<script type=\"application\/ld+json\" class=\"yoast-schema-graph\">{\"@context\":\"https:\\\/\\\/schema.org\",\"@graph\":[{\"@type\":\"WebPage\",\"@id\":\"https:\\\/\\\/www.lesjardinsdorval.com\\\/fr\\\/confidentialite\\\/\",\"url\":\"https:\\\/\\\/www.lesjardinsdorval.com\\\/fr\\\/confidentialite\\\/\",\"name\":\"Politique de Confidentialit\u00e9 - Les Jardins Dorval\",\"isPartOf\":{\"@id\":\"https:\\\/\\\/www.lesjardinsdorval.com\\\/#website\"},\"datePublished\":\"2024-01-26T16:59:21+00:00\",\"dateModified\":\"2025-04-23T20:10:42+00:00\",\"breadcrumb\":{\"@id\":\"https:\\\/\\\/www.lesjardinsdorval.com\\\/fr\\\/confidentialite\\\/#breadcrumb\"},\"inLanguage\":\"fr-FR\",\"potentialAction\":[{\"@type\":\"ReadAction\",\"target\":[\"https:\\\/\\\/www.lesjardinsdorval.com\\\/fr\\\/confidentialite\\\/\"]}]},{\"@type\":\"BreadcrumbList\",\"@id\":\"https:\\\/\\\/www.lesjardinsdorval.com\\\/fr\\\/confidentialite\\\/#breadcrumb\",\"itemListElement\":[{\"@type\":\"ListItem\",\"position\":1,\"name\":\"Home\",\"item\":\"https:\\\/\\\/www.lesjardinsdorval.com\\\/fr\\\/\"},{\"@type\":\"ListItem\",\"position\":2,\"name\":\"Politique de Confidentialit\u00e9\"}]},{\"@type\":\"WebSite\",\"@id\":\"https:\\\/\\\/www.lesjardinsdorval.com\\\/#website\",\"url\":\"https:\\\/\\\/www.lesjardinsdorval.com\\\/\",\"name\":\"Les Jardins Dorval\",\"description\":\"\",\"publisher\":{\"@id\":\"https:\\\/\\\/www.lesjardinsdorval.com\\\/#organization\"},\"potentialAction\":[{\"@type\":\"SearchAction\",\"target\":{\"@type\":\"EntryPoint\",\"urlTemplate\":\"https:\\\/\\\/www.lesjardinsdorval.com\\\/?s={search_term_string}\"},\"query-input\":{\"@type\":\"PropertyValueSpecification\",\"valueRequired\":true,\"valueName\":\"search_term_string\"}}],\"inLanguage\":\"fr-FR\"},{\"@type\":\"Organization\",\"@id\":\"https:\\\/\\\/www.lesjardinsdorval.com\\\/#organization\",\"name\":\"Les Jardins Dorval\",\"url\":\"https:\\\/\\\/www.lesjardinsdorval.com\\\/\",\"logo\":{\"@type\":\"ImageObject\",\"inLanguage\":\"fr-FR\",\"@id\":\"https:\\\/\\\/www.lesjardinsdorval.com\\\/#\\\/schema\\\/logo\\\/image\\\/\",\"url\":\"https:\\\/\\\/www.lesjardinsdorval.com\\\/wp-content\\\/uploads\\\/les-jardins-dorval-logo.svg\",\"contentUrl\":\"https:\\\/\\\/www.lesjardinsdorval.com\\\/wp-content\\\/uploads\\\/les-jardins-dorval-logo.svg\",\"caption\":\"Les Jardins Dorval\"},\"image\":{\"@id\":\"https:\\\/\\\/www.lesjardinsdorval.com\\\/#\\\/schema\\\/logo\\\/image\\\/\"},\"sameAs\":[\"https:\\\/\\\/www.facebook.com\\\/JardinsDorval\\\/\"]}]}<\/script>\n<!-- \/ Yoast SEO plugin. -->","yoast_head_json":{"title":"Politique de Confidentialit\u00e9 - Les Jardins Dorval","robots":{"index":"index","follow":"follow","max-snippet":"max-snippet:-1","max-image-preview":"max-image-preview:large","max-video-preview":"max-video-preview:-1"},"canonical":"https:\/\/www.lesjardinsdorval.com\/fr\/confidentialite\/","og_locale":"fr_FR","og_type":"article","og_title":"Politique de Confidentialit\u00e9 - Les Jardins Dorval","og_description":"POLITIQUE DE CONFIDENTIALIT\u00c9 Le but de cette politique de confidentialit\u00e9 est d\u2019informer les utilisateurs de notre site des donn\u00e9es personnelles que nous recueillerons ainsi que les informations suivantes, le cas \u00e9ch\u00e9ant : Les donn\u00e9es personnelles que nous collectons Comment nous utilisons les donn\u00e9es personnelles Avec qui nous partageons les donn\u00e9es personnelles Comment nous prot\u00e9geons vos [&hellip;]","og_url":"https:\/\/www.lesjardinsdorval.com\/fr\/confidentialite\/","og_site_name":"Les Jardins Dorval","article_publisher":"https:\/\/www.facebook.com\/JardinsDorval\/","article_modified_time":"2025-04-23T20:10:42+00:00","twitter_card":"summary_large_image","twitter_misc":{"Dur\u00e9e de lecture estim\u00e9e":"6 minutes"},"schema":{"@context":"https:\/\/schema.org","@graph":[{"@type":"WebPage","@id":"https:\/\/www.lesjardinsdorval.com\/fr\/confidentialite\/","url":"https:\/\/www.lesjardinsdorval.com\/fr\/confidentialite\/","name":"Politique de Confidentialit\u00e9 - Les Jardins Dorval","isPartOf":{"@id":"https:\/\/www.lesjardinsdorval.com\/#website"},"datePublished":"2024-01-26T16:59:21+00:00","dateModified":"2025-04-23T20:10:42+00:00","breadcrumb":{"@id":"https:\/\/www.lesjardinsdorval.com\/fr\/confidentialite\/#breadcrumb"},"inLanguage":"fr-FR","potentialAction":[{"@type":"ReadAction","target":["https:\/\/www.lesjardinsdorval.com\/fr\/confidentialite\/"]}]},{"@type":"BreadcrumbList","@id":"https:\/\/www.lesjardinsdorval.com\/fr\/confidentialite\/#breadcrumb","itemListElement":[{"@type":"ListItem","position":1,"name":"Home","item":"https:\/\/www.lesjardinsdorval.com\/fr\/"},{"@type":"ListItem","position":2,"name":"Politique de Confidentialit\u00e9"}]},{"@type":"WebSite","@id":"https:\/\/www.lesjardinsdorval.com\/#website","url":"https:\/\/www.lesjardinsdorval.com\/","name":"Les Jardins Dorval","description":"","publisher":{"@id":"https:\/\/www.lesjardinsdorval.com\/#organization"},"potentialAction":[{"@type":"SearchAction","target":{"@type":"EntryPoint","urlTemplate":"https:\/\/www.lesjardinsdorval.com\/?s={search_term_string}"},"query-input":{"@type":"PropertyValueSpecification","valueRequired":true,"valueName":"search_term_string"}}],"inLanguage":"fr-FR"},{"@type":"Organization","@id":"https:\/\/www.lesjardinsdorval.com\/#organization","name":"Les Jardins Dorval","url":"https:\/\/www.lesjardinsdorval.com\/","logo":{"@type":"ImageObject","inLanguage":"fr-FR","@id":"https:\/\/www.lesjardinsdorval.com\/#\/schema\/logo\/image\/","url":"https:\/\/www.lesjardinsdorval.com\/wp-content\/uploads\/les-jardins-dorval-logo.svg","contentUrl":"https:\/\/www.lesjardinsdorval.com\/wp-content\/uploads\/les-jardins-dorval-logo.svg","caption":"Les Jardins Dorval"},"image":{"@id":"https:\/\/www.lesjardinsdorval.com\/#\/schema\/logo\/image\/"},"sameAs":["https:\/\/www.facebook.com\/JardinsDorval\/"]}]}},"publishpress_future_workflow_manual_trigger":{"enabledWorkflows":[]},"_links":{"self":[{"href":"https:\/\/www.lesjardinsdorval.com\/fr\/wp-json\/wp\/v2\/pages\/4592","targetHints":{"allow":["GET"]}}],"collection":[{"href":"https:\/\/www.lesjardinsdorval.com\/fr\/wp-json\/wp\/v2\/pages"}],"about":[{"href":"https:\/\/www.lesjardinsdorval.com\/fr\/wp-json\/wp\/v2\/types\/page"}],"author":[{"embeddable":true,"href":"https:\/\/www.lesjardinsdorval.com\/fr\/wp-json\/wp\/v2\/users\/1"}],"replies":[{"embeddable":true,"href":"https:\/\/www.lesjardinsdorval.com\/fr\/wp-json\/wp\/v2\/comments?post=4592"}],"version-history":[{"count":0,"href":"https:\/\/www.lesjardinsdorval.com\/fr\/wp-json\/wp\/v2\/pages\/4592\/revisions"}],"wp:attachment":[{"href":"https:\/\/www.lesjardinsdorval.com\/fr\/wp-json\/wp\/v2\/media?parent=4592"}],"curies":[{"name":"wp","href":"https:\/\/api.w.org\/{rel}","templated":true}]}}